{"id":602,"date":"2025-04-28T13:54:17","date_gmt":"2025-04-28T16:54:17","guid":{"rendered":"https:\/\/bhredesprotecao.com.br\/?page_id=602"},"modified":"2025-04-28T13:54:17","modified_gmt":"2025-04-28T16:54:17","slug":"seguranca-maxima-para-sua-familia-3","status":"publish","type":"page","link":"https:\/\/bhredesprotecao.com.br\/index.php\/seguranca-maxima-para-sua-familia-3\/","title":{"rendered":"Seguran\u00e7a m\u00e1xima para sua fam\u00edlia"},"content":{"rendered":"<p>[vc_row][vc_column]\n\t\t\t<!-- START Slider 2 REVOLUTION SLIDER 6.4.5 --><p class=\"rs-p-wp-fix\"><\/p>\n\t\t\t<rs-module-wrap id=\"rev_slider_7_1_wrapper\" data-source=\"gallery\" style=\"background:transparent;padding:0;margin:0px auto;margin-top:0;margin-bottom:0;\">\n\t\t\t\t<rs-module id=\"rev_slider_7_1\" style=\"\" data-version=\"6.4.5\">\n\t\t\t\t\t<rs-slides>\n\t\t\t\t\t\t<rs-slide data-key=\"rs-11\" data-title=\"Slide\" data-in=\"o:0;\" data-out=\"a:false;\">\n\t\t\t\t\t\t\t<img decoding=\"async\" src=\"\/\/bhredesprotecao.com.br\/wp-content\/plugins\/revslider\/public\/assets\/assets\/transparent.png\" alt=\"Slide\" title=\"Seguran\u00e7a m\u00e1xima para sua fam\u00edlia\" class=\"rev-slidebg tp-rs-img\" data-no-retina>\n<!--\n\t\t\t\t\t\t\t--><rs-layer\n\t\t\t\t\t\t\t\tid=\"slider-7-slide-11-layer-0\" \n\t\t\t\t\t\t\t\tdata-type=\"image\"\n\t\t\t\t\t\t\t\tdata-rsp_ch=\"on\"\n\t\t\t\t\t\t\t\tdata-xy=\"x:-1px;y:-1px;\"\n\t\t\t\t\t\t\t\tdata-text=\"w:normal;\"\n\t\t\t\t\t\t\t\tdata-dim=\"w:1300px;h:400px;\"\n\t\t\t\t\t\t\t\tdata-frame_1=\"st:340;sp:2900;sR:340;\"\n\t\t\t\t\t\t\t\tdata-frame_999=\"o:0;st:w;sR:14760;\"\n\t\t\t\t\t\t\t\tstyle=\"z-index:8;\"\n\t\t\t\t\t\t\t><img loading=\"lazy\" decoding=\"async\" src=\"\/\/bhredesprotecao.com.br\/wp-content\/uploads\/2021\/05\/baner1.png\" class=\"tp-rs-img\" width=\"1300\" height=\"400\" data-no-retina> \n\t\t\t\t\t\t\t<\/rs-layer><!--\n\n\t\t\t\t\t\t\t--><rs-layer\n\t\t\t\t\t\t\t\tid=\"slider-7-slide-11-layer-1\" \n\t\t\t\t\t\t\t\tdata-type=\"image\"\n\t\t\t\t\t\t\t\tdata-rsp_ch=\"on\"\n\t\t\t\t\t\t\t\tdata-xy=\"x:-1px;y:-1px;\"\n\t\t\t\t\t\t\t\tdata-text=\"w:normal;\"\n\t\t\t\t\t\t\t\tdata-dim=\"w:1300px;h:400px;\"\n\t\t\t\t\t\t\t\tdata-frame_1=\"st:3300;sp:2900;sR:3300;\"\n\t\t\t\t\t\t\t\tdata-frame_999=\"o:0;st:w;sR:11800;\"\n\t\t\t\t\t\t\t\tstyle=\"z-index:9;\"\n\t\t\t\t\t\t\t><img loading=\"lazy\" decoding=\"async\" src=\"\/\/bhredesprotecao.com.br\/wp-content\/uploads\/2021\/05\/baner2.png\" class=\"tp-rs-img\" width=\"1300\" height=\"400\" data-no-retina> \n\t\t\t\t\t\t\t<\/rs-layer><!--\n\n\t\t\t\t\t\t\t--><rs-layer\n\t\t\t\t\t\t\t\tid=\"slider-7-slide-11-layer-2\" \n\t\t\t\t\t\t\t\tdata-type=\"image\"\n\t\t\t\t\t\t\t\tdata-rsp_ch=\"on\"\n\t\t\t\t\t\t\t\tdata-text=\"w:normal;\"\n\t\t\t\t\t\t\t\tdata-dim=\"w:1300px;h:400px;\"\n\t\t\t\t\t\t\t\tdata-frame_1=\"st:6230;sp:2900;sR:6230;\"\n\t\t\t\t\t\t\t\tdata-frame_999=\"o:0;st:w;sR:8870;\"\n\t\t\t\t\t\t\t\tstyle=\"z-index:10;\"\n\t\t\t\t\t\t\t><img loading=\"lazy\" decoding=\"async\" src=\"\/\/bhredesprotecao.com.br\/wp-content\/uploads\/2021\/05\/baner3.png\" class=\"tp-rs-img\" width=\"1300\" height=\"400\" data-no-retina> \n\t\t\t\t\t\t\t<\/rs-layer><!--\n\n\t\t\t\t\t\t\t--><rs-layer\n\t\t\t\t\t\t\t\tid=\"slider-7-slide-11-layer-3\" \n\t\t\t\t\t\t\t\tdata-type=\"image\"\n\t\t\t\t\t\t\t\tdata-rsp_ch=\"on\"\n\t\t\t\t\t\t\t\tdata-text=\"w:normal;\"\n\t\t\t\t\t\t\t\tdata-dim=\"w:1300px;h:400px;\"\n\t\t\t\t\t\t\t\tdata-frame_1=\"st:9170;sp:2900;sR:9170;\"\n\t\t\t\t\t\t\t\tdata-frame_999=\"o:0;st:w;sR:5930;\"\n\t\t\t\t\t\t\t\tstyle=\"z-index:11;\"\n\t\t\t\t\t\t\t><img loading=\"lazy\" decoding=\"async\" src=\"\/\/bhredesprotecao.com.br\/wp-content\/uploads\/2021\/05\/baner4.png\" class=\"tp-rs-img\" width=\"1300\" height=\"400\" data-no-retina> \n\t\t\t\t\t\t\t<\/rs-layer><!--\n\n\t\t\t\t\t\t\t--><rs-layer\n\t\t\t\t\t\t\t\tid=\"slider-7-slide-11-layer-4\" \n\t\t\t\t\t\t\t\tdata-type=\"image\"\n\t\t\t\t\t\t\t\tdata-rsp_ch=\"on\"\n\t\t\t\t\t\t\t\tdata-text=\"w:normal;\"\n\t\t\t\t\t\t\t\tdata-dim=\"w:1300px;h:400px;\"\n\t\t\t\t\t\t\t\tdata-frame_1=\"st:12090;sp:2900;sR:12090;\"\n\t\t\t\t\t\t\t\tdata-frame_999=\"o:0;st:w;sR:3010;\"\n\t\t\t\t\t\t\t\tstyle=\"z-index:12;\"\n\t\t\t\t\t\t\t><img loading=\"lazy\" decoding=\"async\" src=\"\/\/bhredesprotecao.com.br\/wp-content\/uploads\/2021\/05\/baner5.png\" class=\"tp-rs-img\" width=\"1300\" height=\"400\" data-no-retina> \n\t\t\t\t\t\t\t<\/rs-layer><!--\n\n\t\t\t\t\t\t\t--><rs-layer\n\t\t\t\t\t\t\t\tid=\"slider-7-slide-11-layer-5\" \n\t\t\t\t\t\t\t\tdata-type=\"image\"\n\t\t\t\t\t\t\t\tdata-rsp_ch=\"on\"\n\t\t\t\t\t\t\t\tdata-xy=\"x:-1px;y:-1px;\"\n\t\t\t\t\t\t\t\tdata-text=\"w:normal;\"\n\t\t\t\t\t\t\t\tdata-dim=\"w:1300px;h:400px;\"\n\t\t\t\t\t\t\t\tdata-frame_1=\"st:15100;sp:2900;sR:15100;\"\n\t\t\t\t\t\t\t\tdata-frame_999=\"o:0;st:w;\"\n\t\t\t\t\t\t\t\tstyle=\"z-index:13;\"\n\t\t\t\t\t\t\t><img loading=\"lazy\" decoding=\"async\" src=\"\/\/bhredesprotecao.com.br\/wp-content\/uploads\/2021\/05\/baner6.png\" class=\"tp-rs-img\" width=\"1300\" height=\"400\" data-no-retina> \n\t\t\t\t\t\t\t<\/rs-layer><!--\n-->\t\t\t\t\t\t<\/rs-slide>\n\t\t\t\t\t<\/rs-slides>\n\t\t\t\t<\/rs-module>\n\t\t\t\t<script type=\"text\/javascript\">\n\t\t\t\t\tsetREVStartSize({c: 'rev_slider_7_1',rl:[1240,1024,778,480],el:[400],gw:[1300],gh:[400],type:'standard',justify:'',layout:'fullwidth',mh:\"0\"});\n\t\t\t\t\tvar\trevapi7,\n\t\t\t\t\t\ttpj;\n\t\t\t\t\tfunction revinit_revslider71() {\n\t\t\t\t\tjQuery(function() {\n\t\t\t\t\t\ttpj = jQuery;\n\t\t\t\t\t\trevapi7 = tpj(\"#rev_slider_7_1\");\n\t\t\t\t\t\tif(revapi7==undefined || revapi7.revolution == undefined){\n\t\t\t\t\t\t\trevslider_showDoubleJqueryError(\"rev_slider_7_1\");\n\t\t\t\t\t\t}else{\n\t\t\t\t\t\t\trevapi7.revolution({\n\t\t\t\t\t\t\t\tsliderLayout:\"fullwidth\",\n\t\t\t\t\t\t\t\tduration:\"18000ms\",\n\t\t\t\t\t\t\t\tvisibilityLevels:\"1240,1024,778,480\",\n\t\t\t\t\t\t\t\tgridwidth:1300,\n\t\t\t\t\t\t\t\tgridheight:400,\n\t\t\t\t\t\t\t\tperspective:600,\n\t\t\t\t\t\t\t\tperspectiveType:\"global\",\n\t\t\t\t\t\t\t\teditorheight:\"400,768,960,720\",\n\t\t\t\t\t\t\t\tresponsiveLevels:\"1240,1024,778,480\",\n\t\t\t\t\t\t\t\tprogressBar:{disableProgressBar:true},\n\t\t\t\t\t\t\t\tnavigation: {\n\t\t\t\t\t\t\t\t\tonHoverStop:false\n\t\t\t\t\t\t\t\t},\n\t\t\t\t\t\t\t\tfallbacks: {\n\t\t\t\t\t\t\t\t\tallowHTML5AutoPlayOnAndroid:true\n\t\t\t\t\t\t\t\t},\n\t\t\t\t\t\t\t});\n\t\t\t\t\t\t}\n\t\t\t\t\t\t\n\t\t\t\t\t});\n\t\t\t\t\t} \/\/ End of RevInitScript\n\t\t\t\tvar once_revslider71 = false;\n\t\t\t\tif (document.readyState === \"loading\") {document.addEventListener('readystatechange',function() { if((document.readyState === \"interactive\" || document.readyState === \"complete\") && !once_revslider71 ) { once_revslider71 = true; revinit_revslider71();}});} else {once_revslider71 = true; revinit_revslider71();}\n\t\t\t\t<\/script>\n\t\t\t<\/rs-module-wrap>\n\t\t\t<!-- END REVOLUTION SLIDER -->\n[vc_empty_space height=&#8221;4&#8243;][\/vc_column][\/vc_row][vc_row full_width=&#8221;stretch_row_content&#8221; css=&#8221;.vc_custom_1621974971555{background-color: #ff0000 !important;}&#8221;][vc_column][vc_column_text]<\/p>\n<h4><span style=\"color: #ffffff;\">A BHR Redes de Prote\u00e7\u00e3o trabalha com profissionais e m\u00e3o-de-obra especializadas e com materiais de primeira linha, oferecendo resist\u00eancia e durabilidade para garantir sempre os melhores servi\u00e7os de forma segura e com alta qualidade. As redes de prote\u00e7\u00e3o que utilizamos s\u00e3o fabricadas com polietileno em diversas cores \u00e0 sua escolha, garantindo a seguran\u00e7a de sua fam\u00edlia, amigos e animais.<\/span><\/h4>\n<p>[\/vc_column_text][\/vc_column][\/vc_row][vc_row full_width=&#8221;stretch_row_content&#8221; css=&#8221;.vc_custom_1622162217247{background-color: #000000 !important;}&#8221;][vc_column][vc_column_text]<\/p>\n<h4 style=\"text-align: center;\"><span style=\"color: #ffffff;\">Suporta at\u00e9 300 quilos | A rede de prote\u00e7\u00e3o mais forte do Brasil<\/span><\/h4>\n<p>[\/vc_column_text][\/vc_column][\/vc_row][vc_row][vc_column width=&#8221;1\/4&#8243;][vc_column_text]<\/p>\n<h4>Prote\u00e7\u00e3o para crian\u00e7as<\/h4>\n<p>[\/vc_column_text][vc_single_image image=&#8221;385&#8243; img_size=&#8221;full&#8221;][\/vc_column][vc_column width=&#8221;1\/4&#8243;][vc_column_text]<\/p>\n<h4>Prote\u00e7\u00e3o\u00a0para animais<\/h4>\n<p>[\/vc_column_text][vc_single_image image=&#8221;387&#8243; img_size=&#8221;full&#8221;][\/vc_column][vc_column width=&#8221;1\/4&#8243;][vc_column_text]<\/p>\n<h4>Prote\u00e7\u00e3o\u00a0para p\u00e1ssaros<\/h4>\n<p>[\/vc_column_text][vc_single_image image=&#8221;388&#8243; img_size=&#8221;full&#8221;][\/vc_column][vc_column width=&#8221;1\/4&#8243;][vc_column_text]<\/p>\n<h4>Redes para escadas<\/h4>\n<p>[\/vc_column_text][vc_single_image image=&#8221;390&#8243; img_size=&#8221;full&#8221;][\/vc_column][\/vc_row][vc_row][vc_column width=&#8221;1\/4&#8243;][vc_column_text]<\/p>\n<h4>Redes para Playground<\/h4>\n<p>[\/vc_column_text][vc_single_image image=&#8221;392&#8243; img_size=&#8221;full&#8221;][\/vc_column][vc_column width=&#8221;1\/4&#8243;][vc_column_text]<\/p>\n<h4>Prote\u00e7\u00e3o\u00a0para\u00a0varandas<\/h4>\n<p>[\/vc_column_text][vc_single_image image=&#8221;394&#8243; img_size=&#8221;full&#8221;][\/vc_column][vc_column width=&#8221;1\/4&#8243;][vc_column_text]<\/p>\n<h4>Tetos de Rede<\/h4>\n<p>[\/vc_column_text][vc_single_image image=&#8221;457&#8243; img_size=&#8221;full&#8221;][\/vc_column][vc_column width=&#8221;1\/4&#8243;][vc_column_text]<\/p>\n<h4>Redes para grades<\/h4>\n<p>[\/vc_column_text][vc_single_image image=&#8221;397&#8243; img_size=&#8221;full&#8221;][\/vc_column][\/vc_row][vc_row][vc_column width=&#8221;1\/4&#8243;][vc_column_text]<\/p>\n<h4>Redes para Quadras<\/h4>\n<p>[\/vc_column_text][vc_single_image image=&#8221;399&#8243; img_size=&#8221;full&#8221;][\/vc_column][vc_column width=&#8221;1\/4&#8243;][vc_column_text]<\/p>\n<h4>Prote\u00e7\u00e3o\u00a0para piscinas<\/h4>\n<p>[\/vc_column_text][vc_single_image image=&#8221;401&#8243; img_size=&#8221;full&#8221;][\/vc_column][vc_column width=&#8221;1\/4&#8243;][vc_column_text]<\/p>\n<h4>Prote\u00e7\u00e3o\u00a0para\u00a0janelas<\/h4>\n<p>[\/vc_column_text][vc_single_image image=&#8221;403&#8243; img_size=&#8221;full&#8221;][\/vc_column][vc_column width=&#8221;1\/4&#8243;][vc_column_text]<\/p>\n<h4>Limitador de janelas<\/h4>\n<p>[\/vc_column_text][vc_single_image image=&#8221;404&#8243; img_size=&#8221;full&#8221;][\/vc_column][\/vc_row][vc_row full_width=&#8221;stretch_row_content_no_spaces&#8221; css=&#8221;.vc_custom_1622154193484{background-color: #2aad1b !important;}&#8221;][vc_column][vc_empty_space height=&#8221;120&#8243;][vc_single_image image=&#8221;465&#8243; img_size=&#8221;full&#8221; alignment=&#8221;center&#8221; style=&#8221;vc_box_shadow&#8221; onclick=&#8221;custom_link&#8221; img_link_target=&#8221;_blank&#8221; link=&#8221;https:\/\/api.whatsapp.com\/send?phone=+5531975613836&#8243;][\/vc_column][\/vc_row][vc_row full_width=&#8221;stretch_row_content&#8221; css=&#8221;.vc_custom_1745848231170{background-color: #2aad1b !important;}&#8221;][vc_column width=&#8221;1\/2&#8243;][vc_column_text]<\/p>\n<h1><span style=\"color: #2aad1b;\">instalar tela telas instala\u00e7\u00e3o coloca\u00e7\u00e3o instalador colocar rede de prote\u00e7\u00e3o crian\u00e7a gato seguran\u00e7a playground varanda varandas sacadas tetos grades quadras de esporte piscina janela janelas escada escadas Contagem MG Novo Progresso Centro Bela Vista Santa Terezinha Cinco Fonte Grande Xangril\u00e1 Pedra Azul Tijuca Estrela Dalva Ch\u00e1cara Cotia Kennedy Sapucaia Tropical Imperiais Est\u00e2ncia do Hibisco Europa Linda vista Riacho das Pedras Inconfidentes Amendoeiras Bom Jesus Caraj\u00e1s perto de mim bairro regi\u00e3o da de em no<\/span><\/h1>\n<h2><span style=\"color: #2aad1b;\">instalar tela telas instala\u00e7\u00e3o coloca\u00e7\u00e3o instalador colocar rede de prote\u00e7\u00e3o crian\u00e7a gato seguran\u00e7a playground varanda varandas sacadas tetos grades quadras de esporte piscina janela janelas escada escadas Contagem MG Novo Progresso Centro Bela Vista Santa Terezinha Cinco Fonte Grande Xangril\u00e1 Pedra Azul Tijuca Estrela Dalva Ch\u00e1cara Cotia Kennedy Sapucaia Tropical Imperiais Est\u00e2ncia do Hibisco Europa Linda vista Riacho das Pedras Inconfidentes Amendoeiras Bom Jesus Caraj\u00e1s perto de mim bairro regi\u00e3o da de em no<\/span><\/h2>\n<h5><span style=\"color: #2aad1b;\">instalar tela telas instala\u00e7\u00e3o coloca\u00e7\u00e3o instalador colocar rede de prote\u00e7\u00e3o crian\u00e7a gato seguran\u00e7a playground varanda varandas sacadas tetos grades quadras de esporte piscina janela janelas escada escadas Contagem MG Novo Progresso Centro Bela Vista Santa Terezinha Cinco Fonte Grande Xangril\u00e1 Pedra Azul Tijuca Estrela Dalva Ch\u00e1cara Cotia Kennedy Sapucaia Tropical Imperiais Est\u00e2ncia do Hibisco Europa Linda vista Riacho das Pedras Inconfidentes Amendoeiras Bom Jesus Caraj\u00e1s perto de mim bairro regi\u00e3o da de em no<\/span><\/h5>\n<h6><span style=\"color: #2aad1b;\">instalar tela telas instala\u00e7\u00e3o coloca\u00e7\u00e3o instalador colocar rede de prote\u00e7\u00e3o crian\u00e7a gato seguran\u00e7a playground varanda varandas sacadas tetos grades quadras de esporte piscina janela janelas escada escadas Contagem MG Novo Progresso Centro Bela Vista Santa Terezinha Cinco Fonte Grande Xangril\u00e1 Pedra Azul Tijuca Estrela Dalva Ch\u00e1cara Cotia Kennedy Sapucaia Tropical Imperiais Est\u00e2ncia do Hibisco Europa Linda vista Riacho das Pedras Inconfidentes Amendoeiras Bom Jesus Caraj\u00e1s perto de mim bairro regi\u00e3o da de em no<\/span><\/h6>\n<p>[\/vc_column_text][\/vc_column][vc_column width=&#8221;1\/2&#8243;][vc_column_text]<\/p>\n<h3><span style=\"color: #2aad1b;\">instalar tela telas instala\u00e7\u00e3o coloca\u00e7\u00e3o instalador colocar rede de prote\u00e7\u00e3o crian\u00e7a gato seguran\u00e7a playground varanda varandas sacadas tetos grades quadras de esporte piscina janela janelas escada escadas Contagem MG Novo Progresso Centro Bela Vista Santa Terezinha Cinco Fonte Grande Xangril\u00e1 Pedra Azul Tijuca Estrela Dalva Ch\u00e1cara Cotia Kennedy Sapucaia Tropical Imperiais Est\u00e2ncia do Hibisco Europa Linda vista Riacho das Pedras Inconfidentes Amendoeiras Bom Jesus Caraj\u00e1s perto de mim bairro regi\u00e3o da de em no<\/span><\/h3>\n<h4><span style=\"color: #2aad1b;\">instalar tela telas instala\u00e7\u00e3o coloca\u00e7\u00e3o instalador colocar rede de prote\u00e7\u00e3o crian\u00e7a gato seguran\u00e7a playground varanda varandas sacadas tetos grades quadras de esporte piscina janela janelas escada escadas Contagem MG Novo Progresso Centro Bela Vista Santa Terezinha Cinco Fonte Grande Xangril\u00e1 Pedra Azul Tijuca Estrela Dalva Ch\u00e1cara Cotia Kennedy Sapucaia Tropical Imperiais Est\u00e2ncia do Hibisco Europa Linda vista Riacho das Pedras Inconfidentes Amendoeiras Bom Jesus Caraj\u00e1s perto de mim bairro regi\u00e3o da de em no<\/span><\/h4>\n<p>[\/vc_column_text][\/vc_column][\/vc_row]<\/p>\n","protected":false},"excerpt":{"rendered":"<p>[vc_row][vc_column][vc_empty_space height=&#8221;4&#8243;][\/vc_column][\/vc_row][vc_row full_width=&#8221;stretch_row_content&#8221; css=&#8221;.vc_custom_1621974971555{background-color: #ff0000 !important;}&#8221;][vc_column][vc_column_text] A BHR Redes de Prote\u00e7\u00e3o trabalha com profissionais e m\u00e3o-de-obra especializadas e com materiais de primeira linha, oferecendo resist\u00eancia e durabilidade para garantir sempre os melhores servi\u00e7os de forma segura e com alta qualidade. As redes de prote\u00e7\u00e3o que utilizamos s\u00e3o fabricadas com polietileno em diversas cores \u00e0 sua&hellip;<\/p>\n","protected":false},"author":1,"featured_media":0,"parent":0,"menu_order":0,"comment_status":"closed","ping_status":"closed","template":"","meta":{"_exactmetrics_skip_tracking":false,"_exactmetrics_sitenote_active":false,"_exactmetrics_sitenote_note":"","_exactmetrics_sitenote_category":0},"class_list":["post-602","page","type-page","status-publish","hentry","description-off"],"_links":{"self":[{"href":"https:\/\/bhredesprotecao.com.br\/index.php\/wp-json\/wp\/v2\/pages\/602","targetHints":{"allow":["GET"]}}],"collection":[{"href":"https:\/\/bhredesprotecao.com.br\/index.php\/wp-json\/wp\/v2\/pages"}],"about":[{"href":"https:\/\/bhredesprotecao.com.br\/index.php\/wp-json\/wp\/v2\/types\/page"}],"author":[{"embeddable":true,"href":"https:\/\/bhredesprotecao.com.br\/index.php\/wp-json\/wp\/v2\/users\/1"}],"replies":[{"embeddable":true,"href":"https:\/\/bhredesprotecao.com.br\/index.php\/wp-json\/wp\/v2\/comments?post=602"}],"version-history":[{"count":1,"href":"https:\/\/bhredesprotecao.com.br\/index.php\/wp-json\/wp\/v2\/pages\/602\/revisions"}],"predecessor-version":[{"id":609,"href":"https:\/\/bhredesprotecao.com.br\/index.php\/wp-json\/wp\/v2\/pages\/602\/revisions\/609"}],"wp:attachment":[{"href":"https:\/\/bhredesprotecao.com.br\/index.php\/wp-json\/wp\/v2\/media?parent=602"}],"curies":[{"name":"wp","href":"https:\/\/api.w.org\/{rel}","templated":true}]}}